{"id":176,"date":"2021-01-03T13:46:33","date_gmt":"2021-01-03T13:46:33","guid":{"rendered":"https:\/\/www.xn--frhefrderung-emmen-h3b0j.ch\/?page_id=176"},"modified":"2026-01-14T07:58:19","modified_gmt":"2026-01-14T07:58:19","slug":"spielgruppen","status":"publish","type":"page","link":"https:\/\/www.xn--frhefrderung-emmen-h3b0j.ch\/?page_id=176","title":{"rendered":"Spielgruppen"},"content":{"rendered":"\n<figure class=\"wp-block-image size-large is-resized\"><img loading=\"lazy\" decoding=\"async\" width=\"605\" height=\"210\" src=\"https:\/\/www.xn--frhefrderung-emmen-h3b0j.ch\/wp-content\/uploads\/2021\/01\/image-7.png\" alt=\"\" class=\"wp-image-323\" style=\"width:422px;height:147px\" srcset=\"https:\/\/www.xn--frhefrderung-emmen-h3b0j.ch\/wp-content\/uploads\/2021\/01\/image-7.png 605w, https:\/\/www.xn--frhefrderung-emmen-h3b0j.ch\/wp-content\/uploads\/2021\/01\/image-7-300x104.png 300w\" sizes=\"(max-width: 605px) 85vw, 605px\" \/><\/figure>\n\n\n\n<p><strong>Spielend eine neue Welt entdecken&#8230;<\/strong><\/p>\n\n\n\n<p>In der Spielgruppe sammeln Kinder erste Erfahrungen im Umgang mit anderen Kindern. Sie erleben  eine neue Umgebung und k\u00f6nnen unterschiedliche Materialien, Spiele und Erlebnisse erfahren. Die Kinder \u00fcben sich f\u00fcr eine kurze Zeit von den Eltern zu l\u00f6sen und  lernen neue Bezugspersonen kennen. <\/p>\n\n\n\n<p>Der Besuch einer Spielgruppe erleichtert den Eltern und Kindern den Start in den Kindergarten. Kinder aus fremdsprachigen Familien lernen im Spielgruppenalltag auf spielerische Art die deutsche Sprache. Die Kinder \u00fcben ihre Selbst\u00e4ndigkeit und das Verhalten in einer Kleingruppe.<\/p>\n\n\n\n<p>Die 10 Spielgruppen in Emmen sind privat organisiert und werden von der Gemeinde finanziell unterst\u00fctzt.<\/p>\n\n\n\n<p>Informationen zu den einzelnen Spielgruppen erhalten sie direkt bei den Spielgruppenleiterinnen.<br><\/p>\n\n\n\n<p><strong><a href=\"https:\/\/www.xn--frhefrderung-emmen-h3b0j.ch\/wp-content\/uploads\/2025\/08\/Spielgruppen_Emmen_IG_Flyer-_25_26_aktualisiert_August_.pdf\" target=\"_blank\" rel=\"noopener\" title=\"https:\/\/www.xn--frhefrderung-emmen-h3b0j.ch\/wp-content\/uploads\/2025\/08\/Spielgruppen_Emmen_IG_Flyer-_25_26_aktualisiert_August_.pdf\">Flyer und Lageplan IG Spielgruppen Emmen<\/a><\/strong><\/p>\n\n\n\n<p><strong>Kontakte der einzelnen Spielgruppen<\/strong>:<\/p>\n\n\n\n<p>Benzi Wunderland: Iman Pileggi. 076 520 52<\/p>\n\n\n\n<p>Im Neuhof: <a href=\"https:\/\/www.imneuhof.ch\/\" target=\"_blank\" rel=\"noreferrer noopener\">https:\/\/www.imneuhof.ch\/<\/a><\/p>\n\n\n\n<p>Muuseloch: <a href=\"https:\/\/www.muuseloch.ch\/\" target=\"_blank\" rel=\"noreferrer noopener\">https:\/\/www.muuseloch.ch\/<\/a><\/p>\n\n\n\n<p>Spatzen\u00e4scht: <a href=\"https:\/\/www.spielgruppe-spatzenaescht.ch\/\" target=\"_blank\" rel=\"noreferrer noopener\">https:\/\/www.spielgruppe-spatzenaescht.ch\/<\/a><\/p>\n\n\n\n<p>Waldspielgruppe Lischtrig-Zw\u00e4rge: <a href=\"http:\/\/www.lischtrig-zwaerge.ch\/\" target=\"_blank\" rel=\"noreferrer noopener\">https:\/\/www.lischtrig-zwaerge.ch<\/a><\/p>\n\n\n\n<p>Werkspielgruppe KuKa: <a href=\"https:\/\/kuka-emmen.ch\/#angebot\" target=\"_blank\" rel=\"noopener\" title=\"http:\/\/www.akku-emmen.ch\/KinderundKunst\/Kursef%C3%BCrKinder\/TabId\/139\/ArtMID\/559\/ArticleID\/98\/Spielgruppe-Werkzwerge.aspx#content\">www.kuka-emmen.ch<\/a><\/p>\n\n\n\n<p>Waldspielgruppe z&#8217;\u00c4mme sii: Nanine G\u00fcrber 076 305 94 53<\/p>\n\n\n\n<p>Zw\u00e4rgehus: <a href=\"https:\/\/www.zw\u00e4rgehus.ch\/\" target=\"_blank\" rel=\"noreferrer noopener\">https:\/\/www.zw\u00e4rgehus.ch\/<\/a><\/p>\n\n\n\n<p><\/p>\n\n\n\n<p><\/p>\n","protected":false},"excerpt":{"rendered":"<p>Spielend eine neue Welt entdecken&#8230; In der Spielgruppe sammeln Kinder erste Erfahrungen im Umgang mit anderen Kindern. Sie erleben eine neue Umgebung und k\u00f6nnen unterschiedliche Materialien, Spiele und Erlebnisse erfahren. Die Kinder \u00fcben sich f\u00fcr eine kurze Zeit von den Eltern zu l\u00f6sen und lernen neue Bezugspersonen kennen. Der Besuch einer Spielgruppe erleichtert den Eltern &hellip; <a href=\"https:\/\/www.xn--frhefrderung-emmen-h3b0j.ch\/?page_id=176\" class=\"more-link\"><span class=\"screen-reader-text\">\u201eSpielgruppen\u201c<\/span> weiterlesen<\/a><\/p>\n","protected":false},"author":1,"featured_media":0,"parent":0,"menu_order":0,"comment_status":"closed","ping_status":"closed","template":"","meta":{"_coblocks_attr":"","_coblocks_dimensions":"","_coblocks_responsive_height":"","_coblocks_accordion_ie_support":"","_mi_skip_tracking":false,"footnotes":""},"class_list":["post-176","page","type-page","status-publish","hentry"],"aioseo_notices":[],"_links":{"self":[{"href":"https:\/\/www.xn--frhefrderung-emmen-h3b0j.ch\/index.php?rest_route=\/wp\/v2\/pages\/176"}],"collection":[{"href":"https:\/\/www.xn--frhefrderung-emmen-h3b0j.ch\/index.php?rest_route=\/wp\/v2\/pages"}],"about":[{"href":"https:\/\/www.xn--frhefrderung-emmen-h3b0j.ch\/index.php?rest_route=\/wp\/v2\/types\/page"}],"author":[{"embeddable":true,"href":"https:\/\/www.xn--frhefrderung-emmen-h3b0j.ch\/index.php?rest_route=\/wp\/v2\/users\/1"}],"replies":[{"embeddable":true,"href":"https:\/\/www.xn--frhefrderung-emmen-h3b0j.ch\/index.php?rest_route=%2Fwp%2Fv2%2Fcomments&post=176"}],"version-history":[{"count":41,"href":"https:\/\/www.xn--frhefrderung-emmen-h3b0j.ch\/index.php?rest_route=\/wp\/v2\/pages\/176\/revisions"}],"predecessor-version":[{"id":1261,"href":"https:\/\/www.xn--frhefrderung-emmen-h3b0j.ch\/index.php?rest_route=\/wp\/v2\/pages\/176\/revisions\/1261"}],"wp:attachment":[{"href":"https:\/\/www.xn--frhefrderung-emmen-h3b0j.ch\/index.php?rest_route=%2Fwp%2Fv2%2Fmedia&parent=176"}],"curies":[{"name":"wp","href":"https:\/\/api.w.org\/{rel}","templated":true}]}}