{"id":190,"date":"2021-01-03T13:48:48","date_gmt":"2021-01-03T13:48:48","guid":{"rendered":"https:\/\/www.xn--frhefrderung-emmen-h3b0j.ch\/?page_id=190"},"modified":"2021-01-03T13:58:29","modified_gmt":"2021-01-03T13:58:29","slug":"betreuungsgutscheine","status":"publish","type":"page","link":"https:\/\/www.xn--frhefrderung-emmen-h3b0j.ch\/?page_id=190","title":{"rendered":"Betreuungsgutscheine"},"content":{"rendered":"\n<p>In der Gemeinde Emmen sind seit dem Jahr 2012 Betreuungsgutscheine erh\u00e4ltlich.<br><br>Ein Betreuungsgutschein ist eine Geldleistung an\u00a0 die Eltern f\u00fcr die Betreuung Ihrer Kinder im Vorschulalter. Statt Institution werden Sie als Eltern subventioniert. Dadurch k\u00f6nnen die Erziehungsberechtigten nach ihrem Wunsch ihr Kind in einer Kindertagesst\u00e4tte in Emmen, Luzern oder in der Agglomeration betreuen lassen.<br>Dies ist auch m\u00f6glich bei anerkannten Tageselternvermittlungen.<br>Die Gemeinde bezahlt dann je nach H\u00f6he des Einkommens und des Erwerbspensums einen Beitrag in Form des Betreuungsgutscheins an die Eltern aus.<\/p>\n\n\n\n<p>Weitere Informationen:<br><a href=\"https:\/\/www.emmen.ch\/dienstleistungen\/33104\" target=\"_blank\" rel=\"noreferrer noopener\">https:\/\/www.emmen.ch\/dienstleistungen\/33104<\/a><\/p>\n","protected":false},"excerpt":{"rendered":"<p>In der Gemeinde Emmen sind seit dem Jahr 2012 Betreuungsgutscheine erh\u00e4ltlich. Ein Betreuungsgutschein ist eine Geldleistung an\u00a0 die Eltern f\u00fcr die Betreuung Ihrer Kinder im Vorschulalter. Statt Institution werden Sie als Eltern subventioniert. Dadurch k\u00f6nnen die Erziehungsberechtigten nach ihrem Wunsch ihr Kind in einer Kindertagesst\u00e4tte in Emmen, Luzern oder in der Agglomeration betreuen lassen.Dies ist &hellip; <a href=\"https:\/\/www.xn--frhefrderung-emmen-h3b0j.ch\/?page_id=190\" class=\"more-link\"><span class=\"screen-reader-text\">\u201eBetreuungsgutscheine\u201c<\/span> weiterlesen<\/a><\/p>\n","protected":false},"author":1,"featured_media":0,"parent":0,"menu_order":0,"comment_status":"closed","ping_status":"closed","template":"","meta":{"_coblocks_attr":"","_coblocks_dimensions":"","_coblocks_responsive_height":"","_coblocks_accordion_ie_support":"","_mi_skip_tracking":false,"footnotes":""},"class_list":["post-190","page","type-page","status-publish","hentry"],"aioseo_notices":[],"_links":{"self":[{"href":"https:\/\/www.xn--frhefrderung-emmen-h3b0j.ch\/index.php?rest_route=\/wp\/v2\/pages\/190"}],"collection":[{"href":"https:\/\/www.xn--frhefrderung-emmen-h3b0j.ch\/index.php?rest_route=\/wp\/v2\/pages"}],"about":[{"href":"https:\/\/www.xn--frhefrderung-emmen-h3b0j.ch\/index.php?rest_route=\/wp\/v2\/types\/page"}],"author":[{"embeddable":true,"href":"https:\/\/www.xn--frhefrderung-emmen-h3b0j.ch\/index.php?rest_route=\/wp\/v2\/users\/1"}],"replies":[{"embeddable":true,"href":"https:\/\/www.xn--frhefrderung-emmen-h3b0j.ch\/index.php?rest_route=%2Fwp%2Fv2%2Fcomments&post=190"}],"version-history":[{"count":2,"href":"https:\/\/www.xn--frhefrderung-emmen-h3b0j.ch\/index.php?rest_route=\/wp\/v2\/pages\/190\/revisions"}],"predecessor-version":[{"id":209,"href":"https:\/\/www.xn--frhefrderung-emmen-h3b0j.ch\/index.php?rest_route=\/wp\/v2\/pages\/190\/revisions\/209"}],"wp:attachment":[{"href":"https:\/\/www.xn--frhefrderung-emmen-h3b0j.ch\/index.php?rest_route=%2Fwp%2Fv2%2Fmedia&parent=190"}],"curies":[{"name":"wp","href":"https:\/\/api.w.org\/{rel}","templated":true}]}}