{"id":384,"date":"2021-01-22T13:49:44","date_gmt":"2021-01-22T13:49:44","guid":{"rendered":"https:\/\/www.xn--frhefrderung-emmen-h3b0j.ch\/?page_id=384"},"modified":"2025-12-16T08:03:39","modified_gmt":"2025-12-16T08:03:39","slug":"erfassung-deutschsprachstand","status":"publish","type":"page","link":"https:\/\/www.xn--frhefrderung-emmen-h3b0j.ch\/?page_id=384","title":{"rendered":"Frageb\u00f6gen Erfassung Deutschsprachstand"},"content":{"rendered":"\n<p><strong>Gute Deutschkenntnisse sind wichtig f\u00fcr den Start in die Schulzeit.<\/strong><\/p>\n\n\n\n<p>Wenn Kinder beim Eintritt in den Kindergarten schlecht Deutsch sprechen, kann dies zu Schwierigkeiten beim Kindergartenstart f\u00fchren und ein Nachteil f\u00fcr die sp\u00e4tere Schulzeit sein.<br>Die Gemeinde Emmen m\u00f6chte fremdsprachige Kinder schon fr\u00fch beim Deutschlernen unterst\u00fctzen.<br>Deshalb wird in Emmen seit 2018 der <strong>Deutschsprachstand bei allen 2.5-bis <\/strong> <strong>3.5-j\u00e4hrigen Kindern <\/strong>erfasst. Die Eltern f\u00fcllen den Oneline-Fragebogen \u00fcber die Deutschkenntnisse des Kindes nach ihren eigenen Einsch\u00e4tzungen aus. <\/p>\n\n\n\n<p>F\u00fcr deutschsprachige Kinder m\u00fcssen nur f\u00fcnf Fragen beantwortet werden.<\/p>\n\n\n\n<p>Spricht das Kind aufgrund der Befragung nicht gen\u00fcgend Deutsch, nimmt die Gemeinde mit den Eltern Kontakt auf und zeigt ihnen, wo das Kind Deutsch lernen kann.<\/p>\n\n\n\n<p><strong><a href=\"https:\/\/www.xn--frhefrderung-emmen-h3b0j.ch\/wp-content\/uploads\/2025\/12\/2026_Brief-Fragebogenversand-3jae.pdf\" target=\"_blank\" rel=\"noopener\" title=\"https:\/\/www.xn--frhefrderung-emmen-h3b0j.ch\/wp-content\/uploads\/2023\/01\/fuer-Homepage_Elternbrief-_Fragebogenversand_2023.pdf\">Elternbrief <\/a><\/strong><\/p>\n\n\n\n<p><strong>Elternfragebogen &#8222;Deutschkenntnisse von Vorschulkindern&#8220; in                              14 verschiedenen Sprachen: <\/strong><\/p>\n\n\n\n<p><a href=\"https:\/\/www.xn--frhefrderung-emmen-h3b0j.ch\/wp-content\/uploads\/2024\/12\/fsf_elternfragebogen_albanisch.pdf\" target=\"_blank\" rel=\"noopener\" title=\"\">Albanisch<\/a><\/p>\n\n\n\n<p><a href=\"https:\/\/www.xn--frhefrderung-emmen-h3b0j.ch\/wp-content\/uploads\/2024\/12\/fsf_elternfragebogen_arabisch.pdf\" target=\"_blank\" rel=\"noopener\" title=\"\">Arabisch<\/a><\/p>\n\n\n\n<p><a href=\"https:\/\/www.xn--frhefrderung-emmen-h3b0j.ch\/wp-content\/uploads\/2024\/12\/fsf_elternfragebogen_boskroser.pdf\" target=\"_blank\" rel=\"noopener\" title=\"\">Bosnisch\/Kroatisch\/Serbisch<\/a><\/p>\n\n\n\n<p><a href=\"https:\/\/www.xn--frhefrderung-emmen-h3b0j.ch\/wp-content\/uploads\/2024\/12\/fsf_elternfragebogen_deutsch.pdf\" target=\"_blank\" rel=\"noopener\" title=\"\">Deutsch<\/a><\/p>\n\n\n\n<p><a href=\"https:\/\/www.xn--frhefrderung-emmen-h3b0j.ch\/wp-content\/uploads\/2024\/12\/fsf_elternfragebogen_englisch.pdf\" target=\"_blank\" rel=\"noopener\" title=\"\">Englisch<\/a><\/p>\n\n\n\n<p><a href=\"https:\/\/www.xn--frhefrderung-emmen-h3b0j.ch\/wp-content\/uploads\/2024\/12\/fsf_elternfragebogen_franz.pdf\" target=\"_blank\" rel=\"noopener\" title=\"\">Franz\u00f6sisch<\/a><\/p>\n\n\n\n<p><a href=\"https:\/\/www.xn--frhefrderung-emmen-h3b0j.ch\/wp-content\/uploads\/2024\/12\/fsf_elternfragebogen_portug.pdf\" target=\"_blank\" rel=\"noopener\" title=\"\">Italienisch<\/a><\/p>\n\n\n\n<p><a href=\"https:\/\/www.xn--frhefrderung-emmen-h3b0j.ch\/wp-content\/uploads\/2024\/12\/fsf_elternfragebogen_portug.pdf\" target=\"_blank\" rel=\"noopener\" title=\"\">Portugiesisch<\/a><\/p>\n\n\n\n<p><a href=\"https:\/\/www.xn--frhefrderung-emmen-h3b0j.ch\/wp-content\/uploads\/2024\/12\/fsf_elternfragebogen_spanisch.pdf\" target=\"_blank\" rel=\"noopener\" title=\"\">Spanisch<\/a><\/p>\n\n\n\n<p><a href=\"https:\/\/www.xn--frhefrderung-emmen-h3b0j.ch\/wp-content\/uploads\/2024\/12\/fsf_elternfragebogen_tamil.pdf\" target=\"_blank\" rel=\"noopener\" title=\"\">Tamilisch<\/a><\/p>\n\n\n\n<p><a href=\"https:\/\/www.xn--frhefrderung-emmen-h3b0j.ch\/wp-content\/uploads\/2024\/12\/fsf_elternfragebogen_tigrinya.pdf\" target=\"_blank\" rel=\"noopener\" title=\"\">Tigrinya<\/a><\/p>\n\n\n\n<p><a href=\"https:\/\/www.xn--frhefrderung-emmen-h3b0j.ch\/wp-content\/uploads\/2024\/12\/fsf_elternfragebogen_tuerk.pdf\" target=\"_blank\" rel=\"noopener\" title=\"\">T\u00fcrkisch<\/a><\/p>\n\n\n\n<p><a href=\"https:\/\/www.xn--frhefrderung-emmen-h3b0j.ch\/wp-content\/uploads\/2024\/12\/fsf_elternfragebogen_russisch.pdf\" target=\"_blank\" rel=\"noopener\" title=\"\">Russisch<\/a><\/p>\n\n\n\n<p><a href=\"https:\/\/www.xn--frhefrderung-emmen-h3b0j.ch\/wp-content\/uploads\/2024\/12\/fsf_elternfragebogen_ukrainisch.pdf\" target=\"_blank\" rel=\"noopener\" title=\"\">Ukrainisch<\/a><\/p>\n\n\n\n<p>Fremdsprachige Eltern k\u00f6nnen sich bei Fragen an die FABIA (Fachstelle f\u00fcr die Beratung und Integration von Ausl\u00e4ndern*innen) wenden und kostenlos eine Auskunft erhalten.  Telefon: 041 360 07 22<\/p>\n\n\n\n<p><a href=\"http:\/\/www.fabialuzern.ch\/\" target=\"_blank\" rel=\"noreferrer noopener\">www.fabialuzern.ch<\/a><\/p>\n","protected":false},"excerpt":{"rendered":"<p>Gute Deutschkenntnisse sind wichtig f\u00fcr den Start in die Schulzeit. Wenn Kinder beim Eintritt in den Kindergarten schlecht Deutsch sprechen, kann dies zu Schwierigkeiten beim Kindergartenstart f\u00fchren und ein Nachteil f\u00fcr die sp\u00e4tere Schulzeit sein.Die Gemeinde Emmen m\u00f6chte fremdsprachige Kinder schon fr\u00fch beim Deutschlernen unterst\u00fctzen.Deshalb wird in Emmen seit 2018 der Deutschsprachstand bei allen 2.5-bis &hellip; <a href=\"https:\/\/www.xn--frhefrderung-emmen-h3b0j.ch\/?page_id=384\" class=\"more-link\"><span class=\"screen-reader-text\">\u201eFrageb\u00f6gen Erfassung Deutschsprachstand\u201c<\/span> weiterlesen<\/a><\/p>\n","protected":false},"author":2,"featured_media":0,"parent":0,"menu_order":0,"comment_status":"closed","ping_status":"closed","template":"","meta":{"_coblocks_attr":"","_coblocks_dimensions":"","_coblocks_responsive_height":"","_coblocks_accordion_ie_support":"","_mi_skip_tracking":false,"footnotes":""},"class_list":["post-384","page","type-page","status-publish","hentry"],"aioseo_notices":[],"_links":{"self":[{"href":"https:\/\/www.xn--frhefrderung-emmen-h3b0j.ch\/index.php?rest_route=\/wp\/v2\/pages\/384"}],"collection":[{"href":"https:\/\/www.xn--frhefrderung-emmen-h3b0j.ch\/index.php?rest_route=\/wp\/v2\/pages"}],"about":[{"href":"https:\/\/www.xn--frhefrderung-emmen-h3b0j.ch\/index.php?rest_route=\/wp\/v2\/types\/page"}],"author":[{"embeddable":true,"href":"https:\/\/www.xn--frhefrderung-emmen-h3b0j.ch\/index.php?rest_route=\/wp\/v2\/users\/2"}],"replies":[{"embeddable":true,"href":"https:\/\/www.xn--frhefrderung-emmen-h3b0j.ch\/index.php?rest_route=%2Fwp%2Fv2%2Fcomments&post=384"}],"version-history":[{"count":66,"href":"https:\/\/www.xn--frhefrderung-emmen-h3b0j.ch\/index.php?rest_route=\/wp\/v2\/pages\/384\/revisions"}],"predecessor-version":[{"id":1248,"href":"https:\/\/www.xn--frhefrderung-emmen-h3b0j.ch\/index.php?rest_route=\/wp\/v2\/pages\/384\/revisions\/1248"}],"wp:attachment":[{"href":"https:\/\/www.xn--frhefrderung-emmen-h3b0j.ch\/index.php?rest_route=%2Fwp%2Fv2%2Fmedia&parent=384"}],"curies":[{"name":"wp","href":"https:\/\/api.w.org\/{rel}","templated":true}]}}