{"id":530,"date":"2021-01-28T08:57:58","date_gmt":"2021-01-28T08:57:58","guid":{"rendered":"https:\/\/www.xn--frhefrderung-emmen-h3b0j.ch\/?page_id=530"},"modified":"2022-12-05T07:37:45","modified_gmt":"2022-12-05T07:37:45","slug":"kontakt-2","status":"publish","type":"page","link":"https:\/\/www.xn--frhefrderung-emmen-h3b0j.ch\/?page_id=530","title":{"rendered":"Kontakt"},"content":{"rendered":"\n<p>Gemeinde Emmen\/Bereich Gesellschaft<br>Jenny Duss<br>Fachperson Fr\u00fche F\u00f6rderung<br>Hochdorferstrasse 1<br>6020 Emmenbr\u00fccke<\/p>\n\n\n\n<p><a href=\"mailto:fruehefoerderung@emmen.ch\">fruehefoerderung@emmen.ch<\/a><br>Tel. <a href=\"tel:0412680884\">041 268 08 84<\/a><\/p>\n\n\n\n<p><iframe loading=\"lazy\" width=\"600\" height=\"450\" tabindex=\"0\" aria-hidden=\"false\" src=\"https:\/\/www.google.com\/maps\/embed?pb=!1m18!1m12!1m3!1d2717.438703311282!2d8.281132516169006!3d47.07085997915273!2m3!1f0!2f0!3f0!3m2!1i1024!2i768!4f13.1!3m3!1m2!1s0x478ffb5ffe971b59%3A0x873ab25e0801e08c!2sHochdorferstrasse%201%2C%206020%20Emmen!5e0!3m2!1sde!2sch!4v1611908049785!5m2!1sde!2sch\" frameborder=\"0\" allowfullscreen=\"\" style=\"border:0;\">&lt;\/p&gt;<\/iframe><\/p>\n\n\n\n<p><strong>Kontaktformular<\/strong><\/p>\n\n\n\n<div class=\"wp-block-contact-form-7-contact-form-selector\"><div role=\"form\" class=\"wpcf7\" id=\"wpcf7-f251-o1\" lang=\"de-DE\" dir=\"ltr\">\n<div class=\"screen-reader-response\"><p role=\"status\" aria-live=\"polite\" aria-atomic=\"true\"><\/p> <ul><\/ul><\/div>\n<form action=\"\/index.php?rest_route=%2Fwp%2Fv2%2Fpages%2F530#wpcf7-f251-o1\" method=\"post\" class=\"wpcf7-form init\" novalidate=\"novalidate\" data-status=\"init\">\n<div style=\"display: none;\">\n<input type=\"hidden\" name=\"_wpcf7\" value=\"251\" \/>\n<input type=\"hidden\" name=\"_wpcf7_version\" value=\"5.6.4\" \/>\n<input type=\"hidden\" name=\"_wpcf7_locale\" value=\"de_DE\" \/>\n<input type=\"hidden\" name=\"_wpcf7_unit_tag\" value=\"wpcf7-f251-o1\" \/>\n<input type=\"hidden\" name=\"_wpcf7_container_post\" value=\"0\" \/>\n<input type=\"hidden\" name=\"_wpcf7_posted_data_hash\" value=\"\" \/>\n<\/div>\n<p><label><span class=\"wpcf7-form-control-wrap\" data-name=\"your-name\"><input type=\"text\" name=\"your-name\" value=\"\" size=\"40\" class=\"wpcf7-form-control wpcf7-text wpcf7-validates-as-required\" aria-required=\"true\" aria-invalid=\"false\" placeholder=\"Name\" \/><\/span><\/label><\/p>\n<p><label><span class=\"wpcf7-form-control-wrap\" data-name=\"your-vorname\"><input type=\"text\" name=\"your-vorname\" value=\"\" size=\"40\" class=\"wpcf7-form-control wpcf7-text wpcf7-validates-as-required\" aria-required=\"true\" aria-invalid=\"false\" placeholder=\"Vorname\" \/><\/span><\/label><\/p>\n<p><label><span class=\"wpcf7-form-control-wrap\" data-name=\"your-phone\"><input type=\"text\" name=\"your-phone\" value=\"\" size=\"40\" class=\"wpcf7-form-control wpcf7-text\" aria-invalid=\"false\" placeholder=\"Telefonnummer\" \/><\/span><\/label><\/p>\n<p><label><span class=\"wpcf7-form-control-wrap\" data-name=\"your-email\"><input type=\"email\" name=\"your-email\" value=\"\" size=\"40\" class=\"wpcf7-form-control wpcf7-text wpcf7-email wpcf7-validates-as-required wpcf7-validates-as-email\" aria-required=\"true\" aria-invalid=\"false\" placeholder=\"Email\" \/><\/span><\/label><\/p>\n<p>Ich m\u00f6chte gerne weitere Informationen zu:<\/p>\n<p><strong>Themen<\/strong><br \/>\n<span class=\"wpcf7-form-control-wrap\" data-name=\"Anfrage\"><span class=\"wpcf7-form-control wpcf7-checkbox\"><span class=\"wpcf7-list-item first\"><span class=\"wpcf7-list-item-label\">Fr\u00fche Sprachf\u00f6rderung<\/span><input type=\"checkbox\" name=\"Anfrage[]\" value=\"Fr\u00fche Sprachf\u00f6rderung\" \/><\/span><span class=\"wpcf7-list-item\"><span class=\"wpcf7-list-item-label\">munterwegs<\/span><input type=\"checkbox\" name=\"Anfrage[]\" value=\"munterwegs\" \/><\/span><span class=\"wpcf7-list-item\"><span class=\"wpcf7-list-item-label\">Spielgruppen<\/span><input type=\"checkbox\" name=\"Anfrage[]\" value=\"Spielgruppen\" \/><\/span><span class=\"wpcf7-list-item\"><span class=\"wpcf7-list-item-label\">Fr\u00fche F\u00f6rderung allgemein<\/span><input type=\"checkbox\" name=\"Anfrage[]\" value=\"Fr\u00fche F\u00f6rderung allgemein\" \/><\/span><span class=\"wpcf7-list-item\"><span class=\"wpcf7-list-item-label\">parentu<\/span><input type=\"checkbox\" name=\"Anfrage[]\" value=\"parentu\" \/><\/span><span class=\"wpcf7-list-item\"><span class=\"wpcf7-list-item-label\">DeliA<\/span><input type=\"checkbox\" name=\"Anfrage[]\" value=\"DeliA\" \/><\/span><span class=\"wpcf7-list-item\"><span class=\"wpcf7-list-item-label\">Kinderbetreuung<\/span><input type=\"checkbox\" name=\"Anfrage[]\" value=\"Kinderbetreuung\" \/><\/span><span class=\"wpcf7-list-item\"><span class=\"wpcf7-list-item-label\">Familienberatung<\/span><input type=\"checkbox\" name=\"Anfrage[]\" value=\"Familienberatung\" \/><\/span><span class=\"wpcf7-list-item last\"><span class=\"wpcf7-list-item-label\">M\u00fctter- und V\u00e4terberatung<\/span><input type=\"checkbox\" name=\"Anfrage[]\" value=\"M\u00fctter- und V\u00e4terberatung\" \/><\/span><\/span><\/span><\/p>\n<p><label><span class=\"wpcf7-form-control-wrap\" data-name=\"nachricht\"><textarea name=\"nachricht\" cols=\"40\" rows=\"10\" class=\"wpcf7-form-control wpcf7-textarea\" aria-invalid=\"false\" placeholder=\"Ihre Nachricht\"><\/textarea><\/span><\/label><\/p>\n<p><input type=\"submit\" value=\"Senden\" class=\"wpcf7-form-control has-spinner wpcf7-submit\" \/><\/p>\n<div class=\"wpcf7-response-output\" aria-hidden=\"true\"><\/div><\/form><\/div><\/div>\n","protected":false},"excerpt":{"rendered":"<p>Gemeinde Emmen\/Bereich GesellschaftJenny DussFachperson Fr\u00fche F\u00f6rderungHochdorferstrasse 16020 Emmenbr\u00fccke fruehefoerderung@emmen.chTel. 041 268 08 84 &lt;\/p&gt; Kontaktformular<\/p>\n","protected":false},"author":1,"featured_media":0,"parent":0,"menu_order":0,"comment_status":"closed","ping_status":"closed","template":"","meta":{"_coblocks_attr":"","_coblocks_dimensions":"","_coblocks_responsive_height":"","_coblocks_accordion_ie_support":"","_mi_skip_tracking":false,"footnotes":""},"class_list":["post-530","page","type-page","status-publish","hentry"],"aioseo_notices":[],"_links":{"self":[{"href":"https:\/\/www.xn--frhefrderung-emmen-h3b0j.ch\/index.php?rest_route=\/wp\/v2\/pages\/530"}],"collection":[{"href":"https:\/\/www.xn--frhefrderung-emmen-h3b0j.ch\/index.php?rest_route=\/wp\/v2\/pages"}],"about":[{"href":"https:\/\/www.xn--frhefrderung-emmen-h3b0j.ch\/index.php?rest_route=\/wp\/v2\/types\/page"}],"author":[{"embeddable":true,"href":"https:\/\/www.xn--frhefrderung-emmen-h3b0j.ch\/index.php?rest_route=\/wp\/v2\/users\/1"}],"replies":[{"embeddable":true,"href":"https:\/\/www.xn--frhefrderung-emmen-h3b0j.ch\/index.php?rest_route=%2Fwp%2Fv2%2Fcomments&post=530"}],"version-history":[{"count":13,"href":"https:\/\/www.xn--frhefrderung-emmen-h3b0j.ch\/index.php?rest_route=\/wp\/v2\/pages\/530\/revisions"}],"predecessor-version":[{"id":882,"href":"https:\/\/www.xn--frhefrderung-emmen-h3b0j.ch\/index.php?rest_route=\/wp\/v2\/pages\/530\/revisions\/882"}],"wp:attachment":[{"href":"https:\/\/www.xn--frhefrderung-emmen-h3b0j.ch\/index.php?rest_route=%2Fwp%2Fv2%2Fmedia&parent=530"}],"curies":[{"name":"wp","href":"https:\/\/api.w.org\/{rel}","templated":true}]}}